{"id":7315,"date":"2022-08-03T14:54:29","date_gmt":"2022-08-03T12:54:29","guid":{"rendered":"http:\/\/www.lisetta-gardens-boutique.com\/?page_id=7315"},"modified":"2024-03-22T18:41:00","modified_gmt":"2024-03-22T17:41:00","slug":"art-exhibition-artistes-boutique-hotel-bb-bedbreakfast-exposition","status":"publish","type":"page","link":"https:\/\/lisetta-gardens-boutique.com\/fr\/art-exhibition-artistes-boutique-hotel-bb-bedbreakfast-exposition\/","title":{"rendered":"Art Exhibition"},"content":{"rendered":"<p><div class=\"fusion-bg-parallax\" data-bg-align=\"center center\" data-direction=\"down\" data-mute=\"false\" data-opacity=\"100\" data-velocity=\"-0.3\" data-mobile-enabled=\"false\" data-break_parents=\"0\" data-bg-image=\"https:\/\/lisetta-gardens-boutique.com\/wp-content\/uploads\/2023\/06\/DMF_9541-web.jpg\" data-bg-repeat=\"false\" ><\/div><div class=\"fusion-fullwidth fullwidth-box fusion-builder-row-1 fusion-flex-container has-pattern-background has-mask-background fusion-parallax-down nonhundred-percent-fullwidth non-hundred-percent-height-scrolling lazyload\" style=\"background-color: rgba(3,3,3,0);background-position: center center;background-repeat: no-repeat;border-width: 0px 0px 0px 0px;border-color:#eae9e9;border-style:solid;-webkit-background-size:cover;-moz-background-size:cover;-o-background-size:cover;background-size:cover;\" data-bg=\"https:\/\/lisetta-gardens-boutique.com\/wp-content\/uploads\/2023\/06\/DMF_9541-web.jpg\" ><div class=\"fusion-builder-row fusion-row fusion-flex-align-items-flex-start fusion-flex-align-content-center\" style=\"max-width:calc( 1200px + 0px );margin-left: calc(-0px \/ 2 );margin-right: calc(-0px \/ 2 );\"><div class=\"fusion-layout-column fusion_builder_column fusion-builder-column-0 fusion_builder_column_3_5 3_5 fusion-flex-column\"><div class=\"fusion-column-wrapper fusion-flex-justify-content-flex-start fusion-content-layout-column\" style=\"background-position:left top;background-repeat:no-repeat;-webkit-background-size:cover;-moz-background-size:cover;-o-background-size:cover;background-size:cover;background-color:rgba(3,3,3,0);padding: 0px 0px 4% 0px;\"><style type=\"text\/css\">@media only screen and (max-width:1024px) {.fusion-title.fusion-title-1{margin-top:0px!important; margin-right:0px!important;margin-bottom:31px!important;margin-left:0px!important;}}@media only screen and (max-width:640px) {.fusion-title.fusion-title-1{margin-top:0px!important; margin-right:0px!important;margin-bottom:20px!important; margin-left:0px!important;}}<\/style><div class=\"fusion-title title fusion-title-1 fusion-sep-none fusion-title-text fusion-title-size-six\" style=\"margin-top:0px;margin-right:0px;margin-bottom:31px;margin-left:0px;\"><h6 class=\"title-heading-left fusion-responsive-typography-calculated\" style=\"margin:0;text-transform:none;color:#ffffff;--fontSize:16;--minFontSize:16px;line-height:1.5;\"><strong>CONCEPT<\/strong><\/h6><\/div><style type=\"text\/css\">@media only screen and (max-width:1024px) {.fusion-title.fusion-title-2{margin-top:4%!important; margin-right:0px!important;margin-bottom:31px!important;margin-left:0px!important;}}@media only screen and (max-width:640px) {.fusion-title.fusion-title-2{margin-top:0px!important; margin-right:0px!important;margin-bottom:20px!important; margin-left:0px!important;}}<\/style><div class=\"fusion-title title fusion-title-2 fusion-sep-none fusion-title-text fusion-title-size-one\" style=\"margin-top:4%;margin-right:0px;margin-bottom:31px;margin-left:0px;\"><h1 class=\"title-heading-left fusion-responsive-typography-calculated\" style=\"margin:0;text-transform:none;color:#ffffff;--fontSize:60;line-height:1.2;\">EXPOSITION D&rsquo;ART Permanente et temporaire.<\/h1><\/div><\/div><style type=\"text\/css\">.fusion-body .fusion-builder-column-0{width:60% !important;margin-top : 0%;margin-bottom : 0px;}.fusion-builder-column-0 > .fusion-column-wrapper {padding-top : 0px !important;padding-right : 0px !important;margin-right : 0px;padding-bottom : 4% !important;padding-left : 0px !important;margin-left : 0px;}@media only screen and (max-width:1024px) {.fusion-body .fusion-builder-column-0{width:100% !important;order : 0;}.fusion-builder-column-0 > .fusion-column-wrapper {margin-right : 0px;margin-left : 0px;}}@media only screen and (max-width:640px) {.fusion-body .fusion-builder-column-0{width:100% !important;order : 0;}.fusion-builder-column-0 > .fusion-column-wrapper {margin-right : 0px;margin-left : 0px;}}<\/style><\/div><\/div><style type=\"text\/css\">.fusion-body .fusion-flex-container.fusion-builder-row-1{ padding-top : 24%;margin-top : 0px;padding-right : 0px;padding-bottom : 0%;margin-bottom : 0%;padding-left : 0px;}<\/style><\/div><div class=\"fusion-fullwidth fullwidth-box fusion-builder-row-2 fusion-flex-container nonhundred-percent-fullwidth non-hundred-percent-height-scrolling fusion-no-large-visibility\" style=\"background-color: rgba(255,255,255,0);background-position: center center;background-repeat: no-repeat;border-width: 0px 0px 0px 0px;border-color:#eae9e9;border-style:solid;\" ><div class=\"fusion-builder-row fusion-row fusion-flex-align-items-flex-start\" style=\"max-width:1248px;margin-left: calc(-4% \/ 2 );margin-right: calc(-4% \/ 2 );\"><div class=\"fusion-layout-column fusion_builder_column fusion-builder-column-1 fusion_builder_column_1_1 1_1 fusion-flex-column\"><div class=\"fusion-column-wrapper fusion-flex-justify-content-flex-start fusion-content-layout-column\" style=\"background-position:left top;background-repeat:no-repeat;-webkit-background-size:cover;-moz-background-size:cover;-o-background-size:cover;background-size:cover;padding: 0px 0px 0px 0px;\"><\/div><style type=\"text\/css\">.fusion-body .fusion-builder-column-1{width:100% !important;margin-top : 0px;margin-bottom : 4%;}.fusion-builder-column-1 > .fusion-column-wrapper {padding-top : 0px !important;padding-right : 0px !important;margin-right : 1.92%;padding-bottom : 0px !important;padding-left : 0px !important;margin-left : 1.92%;}@media only screen and (max-width:1024px) {.fusion-body .fusion-builder-column-1{width:100% !important;order : 0;}.fusion-builder-column-1 > .fusion-column-wrapper {margin-right : 1.92%;margin-left : 1.92%;}}@media only screen and (max-width:640px) {.fusion-body .fusion-builder-column-1{width:100% !important;order : 0;}.fusion-builder-column-1 > .fusion-column-wrapper {margin-right : 1.92%;margin-left : 1.92%;}}<\/style><\/div><\/div><style type=\"text\/css\">.fusion-body .fusion-flex-container.fusion-builder-row-2{ padding-top : 0px;margin-top : 0px;padding-right : 0px;padding-bottom : 0px;margin-bottom : 0px;padding-left : 0px;}<\/style><\/div><div id=\"who\"><div class=\"fusion-fullwidth fullwidth-box fusion-builder-row-3 fusion-flex-container nonhundred-percent-fullwidth non-hundred-percent-height-scrolling\" style=\"background-color: rgba(255,255,255,0);background-position: center center;background-repeat: no-repeat;border-width: 0px 0px 0px 0px;border-color:#eae9e9;border-style:solid;\" ><div class=\"fusion-builder-row fusion-row fusion-flex-align-items-flex-start\" style=\"max-width:1248px;margin-left: calc(-4% \/ 2 );margin-right: calc(-4% \/ 2 );\"><div class=\"fusion-layout-column fusion_builder_column fusion-builder-column-2 fusion_builder_column_1_2 1_2 fusion-flex-column fusion-flex-align-self-flex-start\"><div class=\"fusion-column-wrapper fusion-flex-justify-content-flex-start fusion-content-layout-column\" style=\"background-position:left top;background-repeat:no-repeat;-webkit-background-size:cover;-moz-background-size:cover;-o-background-size:cover;background-size:cover;padding: 0% 0px 0px 0px;\"><div class=\"fusion-image-carousel fusion-image-carousel-auto fusion-image-carousel-1 lightbox-enabled\"><div class=\"fusion-carousel\" data-autoplay=\"no\" data-columns=\"1\" data-itemmargin=\"13\" data-itemwidth=\"180\" data-touchscroll=\"no\" data-imagesize=\"auto\"><div class=\"fusion-carousel-positioner\"><ul class=\"fusion-carousel-holder\"><li class=\"fusion-carousel-item\"><div class=\"fusion-carousel-item-wrapper\"><div class=\"fusion-image-wrapper hover-type-none\"><a data-rel=\"iLightbox[image_carousel_1]\" data-title=\"couloir.jpeg\" aria-label=\"couloir.jpeg\" href=\"https:\/\/lisetta-gardens-boutique.com\/wp-content\/uploads\/2023\/05\/DMF_6581-copia-2.jpg\" target=\"_self\"><img decoding=\"async\" width=\"1000\" height=\"647\" src=\"https:\/\/lisetta-gardens-boutique.com\/wp-content\/uploads\/2023\/05\/DMF_6581-copia-2.jpg\" class=\"attachment-full size-full lazyload\" alt=\"\" srcset=\"data:image\/svg+xml,%3Csvg%20xmlns%3D%27http%3A%2F%2Fwww.w3.org%2F2000%2Fsvg%27%20width%3D%271000%27%20height%3D%27647%27%20viewBox%3D%270%200%201000%20647%27%3E%3Crect%20width%3D%271000%27%20height%3D%27647%27%20fill-opacity%3D%220%22%2F%3E%3C%2Fsvg%3E\" data-orig-src=\"https:\/\/lisetta-gardens-boutique.com\/wp-content\/uploads\/2023\/05\/DMF_6581-copia-2.jpg\" data-srcset=\"https:\/\/lisetta-gardens-boutique.com\/wp-content\/uploads\/2023\/05\/DMF_6581-copia-2-200x129.jpg 200w, https:\/\/lisetta-gardens-boutique.com\/wp-content\/uploads\/2023\/05\/DMF_6581-copia-2-400x259.jpg 400w, https:\/\/lisetta-gardens-boutique.com\/wp-content\/uploads\/2023\/05\/DMF_6581-copia-2-600x388.jpg 600w, https:\/\/lisetta-gardens-boutique.com\/wp-content\/uploads\/2023\/05\/DMF_6581-copia-2-768x497.jpg 768w, https:\/\/lisetta-gardens-boutique.com\/wp-content\/uploads\/2023\/05\/DMF_6581-copia-2-800x518.jpg 800w, https:\/\/lisetta-gardens-boutique.com\/wp-content\/uploads\/2023\/05\/DMF_6581-copia-2.jpg 1000w\" data-sizes=\"auto\" \/><\/a><\/div><\/div><\/li><\/ul><div class=\"fusion-carousel-nav\"><button class=\"fusion-nav-prev awb-icon-left\" aria-label=\"Pr\u00e9c\u00e9dent\"><\/button><button class=\"fusion-nav-next awb-icon-right\" aria-label=\"Suivant\"><\/button><\/div><\/div><\/div><\/div><\/div><style type=\"text\/css\">.fusion-body .fusion-builder-column-2{width:50% !important;margin-top : 0%;margin-bottom : 0%;}.fusion-builder-column-2 > .fusion-column-wrapper {padding-top : 0% !important;padding-right : 0px !important;margin-right : 3.84%;padding-bottom : 0px !important;padding-left : 0px !important;margin-left : 3.84%;}@media only screen and (max-width:1024px) {.fusion-body .fusion-builder-column-2{width:100% !important;order : 0;}.fusion-builder-column-2 > .fusion-column-wrapper {margin-right : 1.92%;margin-left : 1.92%;}}@media only screen and (max-width:640px) {.fusion-body .fusion-builder-column-2{width:100% !important;order : 0;}.fusion-builder-column-2 > .fusion-column-wrapper {margin-right : 1.92%;margin-left : 1.92%;}}<\/style><\/div><div class=\"fusion-layout-column fusion_builder_column fusion-builder-column-3 fusion_builder_column_1_2 1_2 fusion-flex-column fusion-flex-align-self-flex-start\"><div class=\"fusion-column-wrapper fusion-flex-justify-content-flex-start fusion-content-layout-column\" style=\"background-position:left top;background-repeat:no-repeat;-webkit-background-size:cover;-moz-background-size:cover;-o-background-size:cover;background-size:cover;padding: 0% 0px 0px 0px;\"><style type=\"text\/css\">@media only screen and (max-width:1024px) {.fusion-title.fusion-title-3{margin-top:0px!important; margin-right:0px!important;margin-bottom:30px!important;margin-left:0px!important;}}@media only screen and (max-width:640px) {.fusion-title.fusion-title-3{margin-top:0px!important; margin-right:0px!important;margin-bottom:20px!important; margin-left:0px!important;}}<\/style><div class=\"fusion-title title fusion-title-3 fusion-sep-none fusion-title-text fusion-title-size-three\" style=\"margin-top:0px;margin-right:0px;margin-bottom:30px;margin-left:0px;\"><h3 class=\"title-heading-left fusion-responsive-typography-calculated\" style=\"margin:0;text-transform:uppercase;--fontSize:31;line-height:1;\"><p><strong>Lisetta Gardens<br \/>\nBoutique &amp; Suites<\/strong><\/p><\/h3><\/div><div class=\"fusion-text fusion-text-1\" style=\"text-align:justify;text-transform:none;\"><p>Lisetta Gardens n&rsquo;est pas seulement un Bed &amp; Breakfast, c&rsquo;est aussi une exp\u00e9rience vivante et engageante qui relie les h\u00f4tes \u00e0 la communaut\u00e9 locale et promeut les arts. Son engagement \u00e0 promouvoir les artistes locaux par le biais d&rsquo;expositions permanentes et temporaires, de r\u00e9sidences d&rsquo;artistes et de ventes d&rsquo;\u0153uvres d&rsquo;art cr\u00e9e une exp\u00e9rience unique et significative pour les clients et soutient la communaut\u00e9 artistique locale. Si vous \u00eates \u00e0 la recherche d&rsquo;un s\u00e9jour vraiment inoubliable et inspirant, c&rsquo;est sans doute l&rsquo;endroit qu&rsquo;il vous faut.<br \/>\nLisetta Gardens propose une grande vari\u00e9t\u00e9 de styles et de supports artistiques, notamment des peintures, des sculptures, des photographies et des installations, toutes cr\u00e9\u00e9es par des artistes locaux. Les expositions permanentes pr\u00e9sentent les meilleures \u0153uvres de ces artistes, leur offrant une plateforme pour exposer leur talent et partager leurs histoires avec les visiteurs.<br \/>\nOutre les expositions permanentes, l&rsquo;h\u00f4tel accueille \u00e9galement des expositions temporaires, qui changent r\u00e9guli\u00e8rement. Les artistes locaux ont ainsi l&rsquo;occasion de pr\u00e9senter leurs derni\u00e8res \u0153uvres et d&rsquo;explorer de nouveaux th\u00e8mes et de nouvelles id\u00e9es.<br \/>\nL&rsquo;engagement de l&rsquo;h\u00f4tel \u00e0 promouvoir les artistes locaux ne se limite pas \u00e0 ses expositions. Il propose \u00e9galement des r\u00e9sidences d&rsquo;artistes, o\u00f9 ces derniers peuvent vivre et travailler sur place, cr\u00e9er de nouvelles \u0153uvres et dialoguer avec les clients. C&rsquo;est une occasion unique pour les clients d&rsquo;interagir avec les artistes, de d\u00e9couvrir leur processus de cr\u00e9ation et de mieux comprendre la culture et la communaut\u00e9 locales.<br \/>\nLes visiteurs peuvent \u00e9galement acheter des \u0153uvres d&rsquo;art provenant des expositions, une partie des recettes \u00e9tant directement revers\u00e9e aux artistes. Cela permet non seulement de soutenir la communaut\u00e9 artistique locale, mais aussi d&rsquo;offrir aux visiteurs un souvenir unique et significatif de leur s\u00e9jour.<\/p>\n<\/div><\/div><style type=\"text\/css\">.fusion-body .fusion-builder-column-3{width:50% !important;margin-top : 0%;margin-bottom : 4%;}.fusion-builder-column-3 > .fusion-column-wrapper {padding-top : 0% !important;padding-right : 0px !important;margin-right : 3.84%;padding-bottom : 0px !important;padding-left : 0px !important;margin-left : 3.84%;}@media only screen and (max-width:1024px) {.fusion-body .fusion-builder-column-3{width:100% !important;order : 0;}.fusion-builder-column-3 > .fusion-column-wrapper {margin-right : 1.92%;margin-left : 1.92%;}}@media only screen and (max-width:640px) {.fusion-body .fusion-builder-column-3{width:100% !important;order : 0;}.fusion-builder-column-3 > .fusion-column-wrapper {margin-right : 1.92%;margin-left : 1.92%;}}<\/style><\/div><\/div><style type=\"text\/css\">.fusion-body .fusion-flex-container.fusion-builder-row-3{ padding-top : 0px;margin-top : 0px;padding-right : 0px;padding-bottom : 0%;margin-bottom : 0px;padding-left : 0px;}<\/style><\/div><\/div><div class=\"fusion-fullwidth fullwidth-box fusion-builder-row-4 fusion-flex-container nonhundred-percent-fullwidth non-hundred-percent-height-scrolling fusion-no-large-visibility\" style=\"background-color: rgba(255,255,255,0);background-position: center center;background-repeat: no-repeat;border-width: 0px 0px 0px 0px;border-color:#eae9e9;border-style:solid;\" ><div class=\"fusion-builder-row fusion-row fusion-flex-align-items-flex-start\" style=\"max-width:1248px;margin-left: calc(-4% \/ 2 );margin-right: calc(-4% \/ 2 );\"><div class=\"fusion-layout-column fusion_builder_column fusion-builder-column-4 fusion_builder_column_1_1 1_1 fusion-flex-column\"><div class=\"fusion-column-wrapper fusion-flex-justify-content-flex-start fusion-content-layout-column\" style=\"background-position:left top;background-repeat:no-repeat;-webkit-background-size:cover;-moz-background-size:cover;-o-background-size:cover;background-size:cover;padding: 0px 0px 0px 0px;\"><\/div><style type=\"text\/css\">.fusion-body .fusion-builder-column-4{width:100% !important;margin-top : 0px;margin-bottom : 4%;}.fusion-builder-column-4 > .fusion-column-wrapper {padding-top : 0px !important;padding-right : 0px !important;margin-right : 1.92%;padding-bottom : 0px !important;padding-left : 0px !important;margin-left : 1.92%;}@media only screen and (max-width:1024px) {.fusion-body .fusion-builder-column-4{width:100% !important;order : 0;}.fusion-builder-column-4 > .fusion-column-wrapper {margin-right : 1.92%;margin-left : 1.92%;}}@media only screen and (max-width:640px) {.fusion-body .fusion-builder-column-4{width:100% !important;order : 0;}.fusion-builder-column-4 > .fusion-column-wrapper {margin-right : 1.92%;margin-left : 1.92%;}}<\/style><\/div><\/div><style type=\"text\/css\">.fusion-body .fusion-flex-container.fusion-builder-row-4{ padding-top : 0px;margin-top : 0px;padding-right : 0px;padding-bottom : 0px;margin-bottom : 0px;padding-left : 0px;}<\/style><\/div><\/p>\n","protected":false},"excerpt":{"rendered":"","protected":false},"author":12,"featured_media":0,"parent":0,"menu_order":0,"comment_status":"closed","ping_status":"closed","template":"100-width.php","meta":{"footnotes":""},"yoast_head":"<!-- This site is optimized with the Yoast SEO plugin v23.5 - https:\/\/yoast.com\/wordpress\/plugins\/seo\/ -->\n<title>Un Bed&amp;Breakfast qui s&#039;improvise mus\u00e9e social dans les Pouilles<\/title>\n<meta name=\"description\" content=\"B&amp;B boutique Hotel, expositions d&#039;arts, des artistes qui exposent et vendent leurs oeuvres sur place ou dans leurs ateliers.\" \/>\n<meta name=\"robots\" content=\"index, follow, max-snippet:-1, max-image-preview:large, max-video-preview:-1\" \/>\n<link rel=\"canonical\" href=\"https:\/\/lisetta-gardens-boutique.com\/fr\/art-exhibition-artistes-boutique-hotel-bb-bedbreakfast-exposition\/\" \/>\n<meta property=\"og:locale\" content=\"fr_FR\" \/>\n<meta property=\"og:type\" content=\"article\" \/>\n<meta property=\"og:title\" content=\"Un Bed&amp;Breakfast qui s&#039;improvise mus\u00e9e social dans les Pouilles\" \/>\n<meta property=\"og:description\" content=\"B&amp;B boutique Hotel, expositions d&#039;arts, des artistes qui exposent et vendent leurs oeuvres sur place ou dans leurs ateliers.\" \/>\n<meta property=\"og:url\" content=\"https:\/\/lisetta-gardens-boutique.com\/fr\/art-exhibition-artistes-boutique-hotel-bb-bedbreakfast-exposition\/\" \/>\n<meta property=\"og:site_name\" content=\"Lisetta Gardens\" \/>\n<meta property=\"article:modified_time\" content=\"2024-03-22T17:41:00+00:00\" \/>\n<meta name=\"twitter:card\" content=\"summary_large_image\" \/>\n<meta name=\"twitter:label1\" content=\"Dur\u00e9e de lecture estim\u00e9e\" \/>\n\t<meta name=\"twitter:data1\" content=\"16 minutes\" \/>\n<script type=\"application\/ld+json\" class=\"yoast-schema-graph\">{\"@context\":\"https:\/\/schema.org\",\"@graph\":[{\"@type\":\"WebPage\",\"@id\":\"https:\/\/lisetta-gardens-boutique.com\/fr\/art-exhibition-artistes-boutique-hotel-bb-bedbreakfast-exposition\/\",\"url\":\"https:\/\/lisetta-gardens-boutique.com\/fr\/art-exhibition-artistes-boutique-hotel-bb-bedbreakfast-exposition\/\",\"name\":\"Un Bed&Breakfast qui s'improvise mus\u00e9e social dans les Pouilles\",\"isPartOf\":{\"@id\":\"https:\/\/lisetta-gardens-boutique.com\/fr\/#website\"},\"datePublished\":\"2022-08-03T12:54:29+00:00\",\"dateModified\":\"2024-03-22T17:41:00+00:00\",\"description\":\"B&B boutique Hotel, expositions d'arts, des artistes qui exposent et vendent leurs oeuvres sur place ou dans leurs ateliers.\",\"breadcrumb\":{\"@id\":\"https:\/\/lisetta-gardens-boutique.com\/fr\/art-exhibition-artistes-boutique-hotel-bb-bedbreakfast-exposition\/#breadcrumb\"},\"inLanguage\":\"fr-FR\",\"potentialAction\":[{\"@type\":\"ReadAction\",\"target\":[\"https:\/\/lisetta-gardens-boutique.com\/fr\/art-exhibition-artistes-boutique-hotel-bb-bedbreakfast-exposition\/\"]}]},{\"@type\":\"BreadcrumbList\",\"@id\":\"https:\/\/lisetta-gardens-boutique.com\/fr\/art-exhibition-artistes-boutique-hotel-bb-bedbreakfast-exposition\/#breadcrumb\",\"itemListElement\":[{\"@type\":\"ListItem\",\"position\":1,\"name\":\"Home\",\"item\":\"https:\/\/lisetta-gardens-boutique.com\/fr\/\"},{\"@type\":\"ListItem\",\"position\":2,\"name\":\"Art Exhibition\"}]},{\"@type\":\"WebSite\",\"@id\":\"https:\/\/lisetta-gardens-boutique.com\/fr\/#website\",\"url\":\"https:\/\/lisetta-gardens-boutique.com\/fr\/\",\"name\":\"Lisetta Gardens Boutique & Suites - Bed & Breakfast\",\"description\":\"Boutique &amp; Suites, Francavilla al Mare\",\"publisher\":{\"@id\":\"https:\/\/lisetta-gardens-boutique.com\/fr\/#organization\"},\"potentialAction\":[{\"@type\":\"SearchAction\",\"target\":{\"@type\":\"EntryPoint\",\"urlTemplate\":\"https:\/\/lisetta-gardens-boutique.com\/fr\/?s={search_term_string}\"},\"query-input\":{\"@type\":\"PropertyValueSpecification\",\"valueRequired\":true,\"valueName\":\"search_term_string\"}}],\"inLanguage\":\"fr-FR\"},{\"@type\":\"Organization\",\"@id\":\"https:\/\/lisetta-gardens-boutique.com\/fr\/#organization\",\"name\":\"Marina Gardens\",\"url\":\"https:\/\/lisetta-gardens-boutique.com\/fr\/\",\"logo\":{\"@type\":\"ImageObject\",\"inLanguage\":\"fr-FR\",\"@id\":\"https:\/\/lisetta-gardens-boutique.com\/fr\/#\/schema\/logo\/image\/\",\"url\":\"\",\"contentUrl\":\"\",\"caption\":\"Marina Gardens\"},\"image\":{\"@id\":\"https:\/\/lisetta-gardens-boutique.com\/fr\/#\/schema\/logo\/image\/\"},\"sameAs\":[\"https:\/\/www.instagram.com\/marinagardens_boutique\/\"]}]}<\/script>\n<!-- \/ Yoast SEO plugin. -->","yoast_head_json":{"title":"Un Bed&Breakfast qui s'improvise mus\u00e9e social dans les Pouilles","description":"B&B boutique Hotel, expositions d'arts, des artistes qui exposent et vendent leurs oeuvres sur place ou dans leurs ateliers.","robots":{"index":"index","follow":"follow","max-snippet":"max-snippet:-1","max-image-preview":"max-image-preview:large","max-video-preview":"max-video-preview:-1"},"canonical":"https:\/\/lisetta-gardens-boutique.com\/fr\/art-exhibition-artistes-boutique-hotel-bb-bedbreakfast-exposition\/","og_locale":"fr_FR","og_type":"article","og_title":"Un Bed&Breakfast qui s'improvise mus\u00e9e social dans les Pouilles","og_description":"B&B boutique Hotel, expositions d'arts, des artistes qui exposent et vendent leurs oeuvres sur place ou dans leurs ateliers.","og_url":"https:\/\/lisetta-gardens-boutique.com\/fr\/art-exhibition-artistes-boutique-hotel-bb-bedbreakfast-exposition\/","og_site_name":"Lisetta Gardens","article_modified_time":"2024-03-22T17:41:00+00:00","twitter_card":"summary_large_image","twitter_misc":{"Dur\u00e9e de lecture estim\u00e9e":"16 minutes"},"schema":{"@context":"https:\/\/schema.org","@graph":[{"@type":"WebPage","@id":"https:\/\/lisetta-gardens-boutique.com\/fr\/art-exhibition-artistes-boutique-hotel-bb-bedbreakfast-exposition\/","url":"https:\/\/lisetta-gardens-boutique.com\/fr\/art-exhibition-artistes-boutique-hotel-bb-bedbreakfast-exposition\/","name":"Un Bed&Breakfast qui s'improvise mus\u00e9e social dans les Pouilles","isPartOf":{"@id":"https:\/\/lisetta-gardens-boutique.com\/fr\/#website"},"datePublished":"2022-08-03T12:54:29+00:00","dateModified":"2024-03-22T17:41:00+00:00","description":"B&B boutique Hotel, expositions d'arts, des artistes qui exposent et vendent leurs oeuvres sur place ou dans leurs ateliers.","breadcrumb":{"@id":"https:\/\/lisetta-gardens-boutique.com\/fr\/art-exhibition-artistes-boutique-hotel-bb-bedbreakfast-exposition\/#breadcrumb"},"inLanguage":"fr-FR","potentialAction":[{"@type":"ReadAction","target":["https:\/\/lisetta-gardens-boutique.com\/fr\/art-exhibition-artistes-boutique-hotel-bb-bedbreakfast-exposition\/"]}]},{"@type":"BreadcrumbList","@id":"https:\/\/lisetta-gardens-boutique.com\/fr\/art-exhibition-artistes-boutique-hotel-bb-bedbreakfast-exposition\/#breadcrumb","itemListElement":[{"@type":"ListItem","position":1,"name":"Home","item":"https:\/\/lisetta-gardens-boutique.com\/fr\/"},{"@type":"ListItem","position":2,"name":"Art Exhibition"}]},{"@type":"WebSite","@id":"https:\/\/lisetta-gardens-boutique.com\/fr\/#website","url":"https:\/\/lisetta-gardens-boutique.com\/fr\/","name":"Lisetta Gardens Boutique & Suites - Bed & Breakfast","description":"Boutique &amp; Suites, Francavilla al Mare","publisher":{"@id":"https:\/\/lisetta-gardens-boutique.com\/fr\/#organization"},"potentialAction":[{"@type":"SearchAction","target":{"@type":"EntryPoint","urlTemplate":"https:\/\/lisetta-gardens-boutique.com\/fr\/?s={search_term_string}"},"query-input":{"@type":"PropertyValueSpecification","valueRequired":true,"valueName":"search_term_string"}}],"inLanguage":"fr-FR"},{"@type":"Organization","@id":"https:\/\/lisetta-gardens-boutique.com\/fr\/#organization","name":"Marina Gardens","url":"https:\/\/lisetta-gardens-boutique.com\/fr\/","logo":{"@type":"ImageObject","inLanguage":"fr-FR","@id":"https:\/\/lisetta-gardens-boutique.com\/fr\/#\/schema\/logo\/image\/","url":"","contentUrl":"","caption":"Marina Gardens"},"image":{"@id":"https:\/\/lisetta-gardens-boutique.com\/fr\/#\/schema\/logo\/image\/"},"sameAs":["https:\/\/www.instagram.com\/marinagardens_boutique\/"]}]}},"_links":{"self":[{"href":"https:\/\/lisetta-gardens-boutique.com\/fr\/wp-json\/wp\/v2\/pages\/7315"}],"collection":[{"href":"https:\/\/lisetta-gardens-boutique.com\/fr\/wp-json\/wp\/v2\/pages"}],"about":[{"href":"https:\/\/lisetta-gardens-boutique.com\/fr\/wp-json\/wp\/v2\/types\/page"}],"author":[{"embeddable":true,"href":"https:\/\/lisetta-gardens-boutique.com\/fr\/wp-json\/wp\/v2\/users\/12"}],"replies":[{"embeddable":true,"href":"https:\/\/lisetta-gardens-boutique.com\/fr\/wp-json\/wp\/v2\/comments?post=7315"}],"version-history":[{"count":3,"href":"https:\/\/lisetta-gardens-boutique.com\/fr\/wp-json\/wp\/v2\/pages\/7315\/revisions"}],"predecessor-version":[{"id":9537,"href":"https:\/\/lisetta-gardens-boutique.com\/fr\/wp-json\/wp\/v2\/pages\/7315\/revisions\/9537"}],"wp:attachment":[{"href":"https:\/\/lisetta-gardens-boutique.com\/fr\/wp-json\/wp\/v2\/media?parent=7315"}],"curies":[{"name":"wp","href":"https:\/\/api.w.org\/{rel}","templated":true}]}}