{"id":9209,"date":"2022-08-03T14:54:29","date_gmt":"2022-08-03T12:54:29","guid":{"rendered":"https:\/\/lisetta-gardens-boutique.com\/art-exhibition\/"},"modified":"2023-06-28T17:15:46","modified_gmt":"2023-06-28T15:15:46","slug":"art-exhibition","status":"publish","type":"page","link":"https:\/\/lisetta-gardens-boutique.com\/de\/art-exhibition\/","title":{"rendered":"Art Exhibition"},"content":{"rendered":"<p><div class=\"fusion-bg-parallax\" data-bg-align=\"center center\" data-direction=\"down\" data-mute=\"false\" data-opacity=\"100\" data-velocity=\"-0.3\" data-mobile-enabled=\"false\" data-break_parents=\"0\" data-bg-image=\"https:\/\/lisetta-gardens-boutique.com\/wp-content\/uploads\/2023\/06\/DMF_9541-web.jpg\" data-bg-repeat=\"false\" ><\/div><div class=\"fusion-fullwidth fullwidth-box fusion-builder-row-1 fusion-flex-container has-pattern-background has-mask-background fusion-parallax-down nonhundred-percent-fullwidth non-hundred-percent-height-scrolling lazyload\" style=\"background-color: rgba(3,3,3,0);background-position: center center;background-repeat: no-repeat;border-width: 0px 0px 0px 0px;border-color:#eae9e9;border-style:solid;-webkit-background-size:cover;-moz-background-size:cover;-o-background-size:cover;background-size:cover;\" data-bg=\"https:\/\/lisetta-gardens-boutique.com\/wp-content\/uploads\/2023\/06\/DMF_9541-web.jpg\" ><div class=\"fusion-builder-row fusion-row fusion-flex-align-items-flex-start fusion-flex-align-content-center\" style=\"max-width:calc( 1100px + 0px );margin-left: calc(-0px \/ 2 );margin-right: calc(-0px \/ 2 );\"><div class=\"fusion-layout-column fusion_builder_column fusion-builder-column-0 fusion_builder_column_3_5 3_5 fusion-flex-column\"><div class=\"fusion-column-wrapper fusion-flex-justify-content-flex-start fusion-content-layout-column\" style=\"background-position:left top;background-repeat:no-repeat;-webkit-background-size:cover;-moz-background-size:cover;-o-background-size:cover;background-size:cover;background-color:rgba(3,3,3,0);padding: 0px 0px 4% 0px;\"><style type=\"text\/css\">@media only screen and (max-width:1200px) {.fusion-title.fusion-title-1{margin-top:0px!important; margin-right:0px!important;margin-bottom:31px!important;margin-left:0px!important;}}@media only screen and (max-width:640px) {.fusion-title.fusion-title-1{margin-top:0px!important; margin-right:0px!important;margin-bottom:20px!important; margin-left:0px!important;}}<\/style><div class=\"fusion-title title fusion-title-1 fusion-sep-none fusion-title-text fusion-title-size-six\" style=\"margin-top:0px;margin-right:0px;margin-bottom:31px;margin-left:0px;\"><h6 class=\"title-heading-left fusion-responsive-typography-calculated\" style=\"margin:0;color:#ffffff;--fontSize:16;--minFontSize:16px;line-height:1.5;\"><strong>KONZEPT<\/strong><\/h6><\/div><style type=\"text\/css\">@media only screen and (max-width:1200px) {.fusion-title.fusion-title-2{margin-top:4%!important; margin-right:0px!important;margin-bottom:31px!important;margin-left:0px!important;}}@media only screen and (max-width:640px) {.fusion-title.fusion-title-2{margin-top:0px!important; margin-right:0px!important;margin-bottom:20px!important; margin-left:0px!important;}}<\/style><div class=\"fusion-title title fusion-title-2 fusion-sep-none fusion-title-text fusion-title-size-one\" style=\"margin-top:4%;margin-right:0px;margin-bottom:31px;margin-left:0px;\"><h1 class=\"title-heading-left fusion-responsive-typography-calculated\" style=\"margin:0;color:#ffffff;--fontSize:60;line-height:1.2;\">ART EXHIBITION<\/h1><\/div><\/div><style type=\"text\/css\">.fusion-body .fusion-builder-column-0{width:60% !important;margin-top : 0%;margin-bottom : 0px;}.fusion-builder-column-0 > .fusion-column-wrapper {padding-top : 0px !important;padding-right : 0px !important;margin-right : 0px;padding-bottom : 4% !important;padding-left : 0px !important;margin-left : 0px;}@media only screen and (max-width:1200px) {.fusion-body .fusion-builder-column-0{width:100% !important;order : 0;}.fusion-builder-column-0 > .fusion-column-wrapper {margin-right : 0px;margin-left : 0px;}}@media only screen and (max-width:640px) {.fusion-body .fusion-builder-column-0{width:100% !important;order : 0;}.fusion-builder-column-0 > .fusion-column-wrapper {margin-right : 0px;margin-left : 0px;}}<\/style><\/div><\/div><style type=\"text\/css\">.fusion-body .fusion-flex-container.fusion-builder-row-1{ padding-top : 24%;margin-top : 0px;padding-right : 0px;padding-bottom : 0%;margin-bottom : 0%;padding-left : 0px;}<\/style><\/div><div class=\"fusion-fullwidth fullwidth-box fusion-builder-row-2 fusion-flex-container nonhundred-percent-fullwidth non-hundred-percent-height-scrolling fusion-no-large-visibility\" style=\"background-color: rgba(255,255,255,0);background-position: center center;background-repeat: no-repeat;border-width: 0px 0px 0px 0px;border-color:#eae9e9;border-style:solid;\" ><div class=\"fusion-builder-row fusion-row fusion-flex-align-items-flex-start\" style=\"max-width:1144px;margin-left: calc(-4% \/ 2 );margin-right: calc(-4% \/ 2 );\"><div class=\"fusion-layout-column fusion_builder_column fusion-builder-column-1 fusion_builder_column_1_1 1_1 fusion-flex-column\"><div class=\"fusion-column-wrapper fusion-flex-justify-content-flex-start fusion-content-layout-column\" style=\"background-position:left top;background-repeat:no-repeat;-webkit-background-size:cover;-moz-background-size:cover;-o-background-size:cover;background-size:cover;padding: 0px 0px 0px 0px;\"><\/div><style type=\"text\/css\">.fusion-body .fusion-builder-column-1{width:100% !important;margin-top : 0px;margin-bottom : 4%;}.fusion-builder-column-1 > .fusion-column-wrapper {padding-top : 0px !important;padding-right : 0px !important;margin-right : 1.92%;padding-bottom : 0px !important;padding-left : 0px !important;margin-left : 1.92%;}@media only screen and (max-width:1200px) {.fusion-body .fusion-builder-column-1{width:100% !important;order : 0;}.fusion-builder-column-1 > .fusion-column-wrapper {margin-right : 1.92%;margin-left : 1.92%;}}@media only screen and (max-width:640px) {.fusion-body .fusion-builder-column-1{width:100% !important;order : 0;}.fusion-builder-column-1 > .fusion-column-wrapper {margin-right : 1.92%;margin-left : 1.92%;}}<\/style><\/div><\/div><style type=\"text\/css\">.fusion-body .fusion-flex-container.fusion-builder-row-2{ padding-top : 0px;margin-top : 0px;padding-right : 0px;padding-bottom : 0px;margin-bottom : 0px;padding-left : 0px;}<\/style><\/div><div id=\"who\"><div class=\"fusion-fullwidth fullwidth-box fusion-builder-row-3 fusion-flex-container nonhundred-percent-fullwidth non-hundred-percent-height-scrolling\" style=\"background-color: rgba(255,255,255,0);background-position: center center;background-repeat: no-repeat;border-width: 0px 0px 0px 0px;border-color:#eae9e9;border-style:solid;\" ><div class=\"fusion-builder-row fusion-row fusion-flex-align-items-flex-start\" style=\"max-width:1144px;margin-left: calc(-4% \/ 2 );margin-right: calc(-4% \/ 2 );\"><div class=\"fusion-layout-column fusion_builder_column fusion-builder-column-2 fusion_builder_column_1_2 1_2 fusion-flex-column fusion-flex-align-self-flex-start\"><div class=\"fusion-column-wrapper fusion-flex-justify-content-flex-start fusion-content-layout-column\" style=\"background-position:left top;background-repeat:no-repeat;-webkit-background-size:cover;-moz-background-size:cover;-o-background-size:cover;background-size:cover;padding: 0% 0px 0px 0px;\"><div class=\"fusion-image-carousel fusion-image-carousel-auto fusion-image-carousel-1 lightbox-enabled\"><div class=\"fusion-carousel\" data-autoplay=\"no\" data-columns=\"1\" data-itemmargin=\"13\" data-itemwidth=\"180\" data-touchscroll=\"no\" data-imagesize=\"auto\"><div class=\"fusion-carousel-positioner\"><ul class=\"fusion-carousel-holder\"><li class=\"fusion-carousel-item\"><div class=\"fusion-carousel-item-wrapper\"><div class=\"fusion-image-wrapper hover-type-none\"><a data-rel=\"iLightbox[image_carousel_1]\" data-title=\"DMF_6581 copia\" aria-label=\"DMF_6581 copia\" href=\"https:\/\/lisetta-gardens-boutique.com\/wp-content\/uploads\/2023\/05\/DMF_6581-copia-2.jpg\" target=\"_self\"><img decoding=\"async\" width=\"1000\" height=\"647\" src=\"https:\/\/lisetta-gardens-boutique.com\/wp-content\/uploads\/2023\/05\/DMF_6581-copia-2.jpg\" class=\"attachment-full size-full lazyload\" alt=\"\" srcset=\"data:image\/svg+xml,%3Csvg%20xmlns%3D%27http%3A%2F%2Fwww.w3.org%2F2000%2Fsvg%27%20width%3D%271000%27%20height%3D%27647%27%20viewBox%3D%270%200%201000%20647%27%3E%3Crect%20width%3D%271000%27%20height%3D%27647%27%20fill-opacity%3D%220%22%2F%3E%3C%2Fsvg%3E\" data-orig-src=\"https:\/\/lisetta-gardens-boutique.com\/wp-content\/uploads\/2023\/05\/DMF_6581-copia-2.jpg\" data-srcset=\"https:\/\/lisetta-gardens-boutique.com\/wp-content\/uploads\/2023\/05\/DMF_6581-copia-2-200x129.jpg 200w, https:\/\/lisetta-gardens-boutique.com\/wp-content\/uploads\/2023\/05\/DMF_6581-copia-2-400x259.jpg 400w, https:\/\/lisetta-gardens-boutique.com\/wp-content\/uploads\/2023\/05\/DMF_6581-copia-2-600x388.jpg 600w, https:\/\/lisetta-gardens-boutique.com\/wp-content\/uploads\/2023\/05\/DMF_6581-copia-2-768x497.jpg 768w, https:\/\/lisetta-gardens-boutique.com\/wp-content\/uploads\/2023\/05\/DMF_6581-copia-2-800x518.jpg 800w, https:\/\/lisetta-gardens-boutique.com\/wp-content\/uploads\/2023\/05\/DMF_6581-copia-2.jpg 1000w\" data-sizes=\"auto\" \/><\/a><\/div><\/div><\/li><\/ul><div class=\"fusion-carousel-nav\"><button class=\"fusion-nav-prev awb-icon-left\" aria-label=\"Previous\"><\/button><button class=\"fusion-nav-next awb-icon-right\" aria-label=\"Next\"><\/button><\/div><\/div><\/div><\/div><\/div><style type=\"text\/css\">.fusion-body .fusion-builder-column-2{width:50% !important;margin-top : 0%;margin-bottom : 0%;}.fusion-builder-column-2 > .fusion-column-wrapper {padding-top : 0% !important;padding-right : 0px !important;margin-right : 3.84%;padding-bottom : 0px !important;padding-left : 0px !important;margin-left : 3.84%;}@media only screen and (max-width:1200px) {.fusion-body .fusion-builder-column-2{width:100% !important;order : 0;}.fusion-builder-column-2 > .fusion-column-wrapper {margin-right : 1.92%;margin-left : 1.92%;}}@media only screen and (max-width:640px) {.fusion-body .fusion-builder-column-2{width:100% !important;order : 0;}.fusion-builder-column-2 > .fusion-column-wrapper {margin-right : 1.92%;margin-left : 1.92%;}}<\/style><\/div><div class=\"fusion-layout-column fusion_builder_column fusion-builder-column-3 fusion_builder_column_1_2 1_2 fusion-flex-column fusion-flex-align-self-flex-start\"><div class=\"fusion-column-wrapper fusion-flex-justify-content-flex-start fusion-content-layout-column\" style=\"background-position:left top;background-repeat:no-repeat;-webkit-background-size:cover;-moz-background-size:cover;-o-background-size:cover;background-size:cover;padding: 0% 0px 0px 0px;\"><style type=\"text\/css\">@media only screen and (max-width:1200px) {.fusion-title.fusion-title-3{margin-top:0px!important; margin-right:0px!important;margin-bottom:30px!important;margin-left:0px!important;}}@media only screen and (max-width:640px) {.fusion-title.fusion-title-3{margin-top:0px!important; margin-right:0px!important;margin-bottom:20px!important; margin-left:0px!important;}}<\/style><div class=\"fusion-title title fusion-title-3 fusion-sep-none fusion-title-text fusion-title-size-three\" style=\"margin-top:0px;margin-right:0px;margin-bottom:30px;margin-left:0px;\"><h3 class=\"title-heading-left fusion-responsive-typography-calculated\" style=\"margin:0;text-transform:uppercase;--fontSize:31;line-height:1;\"><p><strong>Lisetta Gardens<br \/>\nBoutique &amp; Suites<\/strong><\/p><\/h3><\/div><div class=\"fusion-text fusion-text-1\" style=\"text-align:justify;text-transform:none;\"><p>Lisetta Gardens Boutique and Suites ist nicht nur ein Ort zum \u00dcbernachten, sondern auch ein lebendiges und intensives Erlebnis, das die G\u00e4ste mit der lokalen Gemeinschaft verbindet und die Kunst f\u00f6rdert. Das Engagement zur F\u00f6rderung lokaler K\u00fcnstler durch permanente und tempor\u00e4re Ausstellungen, K\u00fcnstlerresidenzen und Kunstverk\u00e4ufe schafft ein einzigartiges und bedeutungsvolles Erlebnis f\u00fcr die G\u00e4ste und unterst\u00fctzt die lokale K\u00fcnstlergemeinschaft. Wenn Sie auf der Suche nach einem wirklich unvergesslichen und inspirierenden Aufenthalt sind, k\u00f6nnte dies der richtige Ort f\u00fcr Sie sein.<br \/>\nLisetta Gardens zeigt eine Vielzahl von k\u00fcnstlerischen Stilen und Medien, darunter Gem\u00e4lde, Skulpturen, Fotografien und Installationen, die alle von lokalen K\u00fcnstlern geschaffen wurden. In den Dauerausstellungen werden die besten Arbeiten dieser K\u00fcnstler gezeigt, die hier eine Plattform finden, um ihr Talent zu zeigen und ihre Geschichten mit den G\u00e4sten zu teilen.<br \/>\nZus\u00e4tzlich zu den Dauerausstellungen bietet das Hotel auch tempor\u00e4re Ausstellungen, die alle paar Monate wechseln. So wird sichergestellt, dass es f\u00fcr die G\u00e4ste immer etwas Neues und Aufregendes zu sehen und zu erleben gibt, und die lokalen K\u00fcnstler haben die M\u00f6glichkeit, ihre neuesten Arbeiten zu pr\u00e4sentieren und neue Themen und Ideen zu erkunden.<br \/>\nDas Engagement des Hotels f\u00fcr die F\u00f6rderung einheimischer K\u00fcnstler geht \u00fcber seine Ausstellungen hinaus. Es bietet auch K\u00fcnstlerresidenzen an, bei denen die K\u00fcnstler vor Ort leben und arbeiten, neue Werke schaffen und mit den G\u00e4sten in Kontakt treten k\u00f6nnen. Dies bietet den G\u00e4sten eine einzigartige Gelegenheit, mit den K\u00fcnstlern in Kontakt zu treten, etwas \u00fcber ihren kreativen Prozess zu erfahren und ein tieferes Verst\u00e4ndnis f\u00fcr die lokale Kultur und Gemeinschaft zu entwickeln.<br \/>\nDie G\u00e4ste k\u00f6nnen auch Kunstwerke aus den Ausstellungen erwerben, wobei ein Teil des Erl\u00f6ses direkt an die K\u00fcnstler geht. Damit wird nicht nur die \u00f6rtliche K\u00fcnstlergemeinschaft unterst\u00fctzt, sondern die G\u00e4ste k\u00f6nnen auch ein einzigartiges und bedeutungsvolles Andenken an ihren Aufenthalt mit nach Hause nehmen.<\/p>\n<\/div><\/div><style type=\"text\/css\">.fusion-body .fusion-builder-column-3{width:50% !important;margin-top : 0%;margin-bottom : 4%;}.fusion-builder-column-3 > .fusion-column-wrapper {padding-top : 0% !important;padding-right : 0px !important;margin-right : 3.84%;padding-bottom : 0px !important;padding-left : 0px !important;margin-left : 3.84%;}@media only screen and (max-width:1200px) {.fusion-body .fusion-builder-column-3{width:100% !important;order : 0;}.fusion-builder-column-3 > .fusion-column-wrapper {margin-right : 1.92%;margin-left : 1.92%;}}@media only screen and (max-width:640px) {.fusion-body .fusion-builder-column-3{width:100% !important;order : 0;}.fusion-builder-column-3 > .fusion-column-wrapper {margin-right : 1.92%;margin-left : 1.92%;}}<\/style><\/div><\/div><style type=\"text\/css\">.fusion-body .fusion-flex-container.fusion-builder-row-3{ padding-top : 0px;margin-top : 0px;padding-right : 0px;padding-bottom : 0%;margin-bottom : 0px;padding-left : 0px;}<\/style><\/div><\/div><div class=\"fusion-fullwidth fullwidth-box fusion-builder-row-4 fusion-flex-container nonhundred-percent-fullwidth non-hundred-percent-height-scrolling fusion-no-large-visibility\" style=\"background-color: rgba(255,255,255,0);background-position: center center;background-repeat: no-repeat;border-width: 0px 0px 0px 0px;border-color:#eae9e9;border-style:solid;\" ><div class=\"fusion-builder-row fusion-row fusion-flex-align-items-flex-start\" style=\"max-width:1144px;margin-left: calc(-4% \/ 2 );margin-right: calc(-4% \/ 2 );\"><div class=\"fusion-layout-column fusion_builder_column fusion-builder-column-4 fusion_builder_column_1_1 1_1 fusion-flex-column\"><div class=\"fusion-column-wrapper fusion-flex-justify-content-flex-start fusion-content-layout-column\" style=\"background-position:left top;background-repeat:no-repeat;-webkit-background-size:cover;-moz-background-size:cover;-o-background-size:cover;background-size:cover;padding: 0px 0px 0px 0px;\"><\/div><style type=\"text\/css\">.fusion-body .fusion-builder-column-4{width:100% !important;margin-top : 0px;margin-bottom : 4%;}.fusion-builder-column-4 > .fusion-column-wrapper {padding-top : 0px !important;padding-right : 0px !important;margin-right : 1.92%;padding-bottom : 0px !important;padding-left : 0px !important;margin-left : 1.92%;}@media only screen and (max-width:1200px) {.fusion-body .fusion-builder-column-4{width:100% !important;order : 0;}.fusion-builder-column-4 > .fusion-column-wrapper {margin-right : 1.92%;margin-left : 1.92%;}}@media only screen and (max-width:640px) {.fusion-body .fusion-builder-column-4{width:100% !important;order : 0;}.fusion-builder-column-4 > .fusion-column-wrapper {margin-right : 1.92%;margin-left : 1.92%;}}<\/style><\/div><\/div><style type=\"text\/css\">.fusion-body .fusion-flex-container.fusion-builder-row-4{ padding-top : 0px;margin-top : 0px;padding-right : 0px;padding-bottom : 0px;margin-bottom : 0px;padding-left : 0px;}<\/style><\/div><\/p>\n","protected":false},"excerpt":{"rendered":"","protected":false},"author":12,"featured_media":0,"parent":0,"menu_order":0,"comment_status":"closed","ping_status":"closed","template":"100-width.php","meta":{"footnotes":""},"yoast_head":"<!-- This site is optimized with the Yoast SEO plugin v23.5 - https:\/\/yoast.com\/wordpress\/plugins\/seo\/ -->\n<title>Lisetta Gardens | Hochwertige Wohnr\u00e4ume f\u00fcr echte Ferien in Apulien<\/title>\n<meta name=\"description\" content=\"Wir zelebrieren Kunst und Architektur, indem wir Sie in hochwertigen R\u00e4umen mit allem Komfort moderner Technologie willkommen hei\u00dfen.\" \/>\n<meta name=\"robots\" content=\"index, follow, max-snippet:-1, max-image-preview:large, max-video-preview:-1\" \/>\n<link rel=\"canonical\" href=\"https:\/\/lisetta-gardens-boutique.com\/de\/art-exhibition\/\" \/>\n<meta property=\"og:locale\" content=\"de_DE\" \/>\n<meta property=\"og:type\" content=\"article\" \/>\n<meta property=\"og:title\" content=\"Lisetta Gardens | Hochwertige Wohnr\u00e4ume f\u00fcr echte Ferien in Apulien\" \/>\n<meta property=\"og:description\" content=\"Wir zelebrieren Kunst und Architektur, indem wir Sie in hochwertigen R\u00e4umen mit allem Komfort moderner Technologie willkommen hei\u00dfen.\" \/>\n<meta property=\"og:url\" content=\"https:\/\/lisetta-gardens-boutique.com\/de\/art-exhibition\/\" \/>\n<meta property=\"og:site_name\" content=\"Lisetta Gardens\" \/>\n<meta property=\"article:modified_time\" content=\"2023-06-28T15:15:46+00:00\" \/>\n<meta name=\"twitter:card\" content=\"summary_large_image\" \/>\n<meta name=\"twitter:label1\" content=\"Gesch\u00e4tzte Lesezeit\" \/>\n\t<meta name=\"twitter:data1\" content=\"16\u00a0Minuten\" \/>\n<script type=\"application\/ld+json\" class=\"yoast-schema-graph\">{\"@context\":\"https:\/\/schema.org\",\"@graph\":[{\"@type\":\"WebPage\",\"@id\":\"https:\/\/lisetta-gardens-boutique.com\/de\/art-exhibition\/\",\"url\":\"https:\/\/lisetta-gardens-boutique.com\/de\/art-exhibition\/\",\"name\":\"Lisetta Gardens | Hochwertige Wohnr\u00e4ume f\u00fcr echte Ferien in Apulien\",\"isPartOf\":{\"@id\":\"https:\/\/lisetta-gardens-boutique.com\/de\/#website\"},\"datePublished\":\"2022-08-03T12:54:29+00:00\",\"dateModified\":\"2023-06-28T15:15:46+00:00\",\"description\":\"Wir zelebrieren Kunst und Architektur, indem wir Sie in hochwertigen R\u00e4umen mit allem Komfort moderner Technologie willkommen hei\u00dfen.\",\"breadcrumb\":{\"@id\":\"https:\/\/lisetta-gardens-boutique.com\/de\/art-exhibition\/#breadcrumb\"},\"inLanguage\":\"de\",\"potentialAction\":[{\"@type\":\"ReadAction\",\"target\":[\"https:\/\/lisetta-gardens-boutique.com\/de\/art-exhibition\/\"]}]},{\"@type\":\"BreadcrumbList\",\"@id\":\"https:\/\/lisetta-gardens-boutique.com\/de\/art-exhibition\/#breadcrumb\",\"itemListElement\":[{\"@type\":\"ListItem\",\"position\":1,\"name\":\"Home\",\"item\":\"https:\/\/lisetta-gardens-boutique.com\/de\/\"},{\"@type\":\"ListItem\",\"position\":2,\"name\":\"Art Exhibition\"}]},{\"@type\":\"WebSite\",\"@id\":\"https:\/\/lisetta-gardens-boutique.com\/de\/#website\",\"url\":\"https:\/\/lisetta-gardens-boutique.com\/de\/\",\"name\":\"Lisetta Gardens Boutique & Suites - Bed & Breakfast\",\"description\":\"Boutique &amp; Suites, Francavilla al Mare\",\"publisher\":{\"@id\":\"https:\/\/lisetta-gardens-boutique.com\/de\/#organization\"},\"potentialAction\":[{\"@type\":\"SearchAction\",\"target\":{\"@type\":\"EntryPoint\",\"urlTemplate\":\"https:\/\/lisetta-gardens-boutique.com\/de\/?s={search_term_string}\"},\"query-input\":{\"@type\":\"PropertyValueSpecification\",\"valueRequired\":true,\"valueName\":\"search_term_string\"}}],\"inLanguage\":\"de\"},{\"@type\":\"Organization\",\"@id\":\"https:\/\/lisetta-gardens-boutique.com\/de\/#organization\",\"name\":\"Marina Gardens\",\"url\":\"https:\/\/lisetta-gardens-boutique.com\/de\/\",\"logo\":{\"@type\":\"ImageObject\",\"inLanguage\":\"de\",\"@id\":\"https:\/\/lisetta-gardens-boutique.com\/de\/#\/schema\/logo\/image\/\",\"url\":\"\",\"contentUrl\":\"\",\"caption\":\"Marina Gardens\"},\"image\":{\"@id\":\"https:\/\/lisetta-gardens-boutique.com\/de\/#\/schema\/logo\/image\/\"},\"sameAs\":[\"https:\/\/www.instagram.com\/marinagardens_boutique\/\"]}]}<\/script>\n<!-- \/ Yoast SEO plugin. -->","yoast_head_json":{"title":"Lisetta Gardens | Hochwertige Wohnr\u00e4ume f\u00fcr echte Ferien in Apulien","description":"Wir zelebrieren Kunst und Architektur, indem wir Sie in hochwertigen R\u00e4umen mit allem Komfort moderner Technologie willkommen hei\u00dfen.","robots":{"index":"index","follow":"follow","max-snippet":"max-snippet:-1","max-image-preview":"max-image-preview:large","max-video-preview":"max-video-preview:-1"},"canonical":"https:\/\/lisetta-gardens-boutique.com\/de\/art-exhibition\/","og_locale":"de_DE","og_type":"article","og_title":"Lisetta Gardens | Hochwertige Wohnr\u00e4ume f\u00fcr echte Ferien in Apulien","og_description":"Wir zelebrieren Kunst und Architektur, indem wir Sie in hochwertigen R\u00e4umen mit allem Komfort moderner Technologie willkommen hei\u00dfen.","og_url":"https:\/\/lisetta-gardens-boutique.com\/de\/art-exhibition\/","og_site_name":"Lisetta Gardens","article_modified_time":"2023-06-28T15:15:46+00:00","twitter_card":"summary_large_image","twitter_misc":{"Gesch\u00e4tzte Lesezeit":"16\u00a0Minuten"},"schema":{"@context":"https:\/\/schema.org","@graph":[{"@type":"WebPage","@id":"https:\/\/lisetta-gardens-boutique.com\/de\/art-exhibition\/","url":"https:\/\/lisetta-gardens-boutique.com\/de\/art-exhibition\/","name":"Lisetta Gardens | Hochwertige Wohnr\u00e4ume f\u00fcr echte Ferien in Apulien","isPartOf":{"@id":"https:\/\/lisetta-gardens-boutique.com\/de\/#website"},"datePublished":"2022-08-03T12:54:29+00:00","dateModified":"2023-06-28T15:15:46+00:00","description":"Wir zelebrieren Kunst und Architektur, indem wir Sie in hochwertigen R\u00e4umen mit allem Komfort moderner Technologie willkommen hei\u00dfen.","breadcrumb":{"@id":"https:\/\/lisetta-gardens-boutique.com\/de\/art-exhibition\/#breadcrumb"},"inLanguage":"de","potentialAction":[{"@type":"ReadAction","target":["https:\/\/lisetta-gardens-boutique.com\/de\/art-exhibition\/"]}]},{"@type":"BreadcrumbList","@id":"https:\/\/lisetta-gardens-boutique.com\/de\/art-exhibition\/#breadcrumb","itemListElement":[{"@type":"ListItem","position":1,"name":"Home","item":"https:\/\/lisetta-gardens-boutique.com\/de\/"},{"@type":"ListItem","position":2,"name":"Art Exhibition"}]},{"@type":"WebSite","@id":"https:\/\/lisetta-gardens-boutique.com\/de\/#website","url":"https:\/\/lisetta-gardens-boutique.com\/de\/","name":"Lisetta Gardens Boutique & Suites - Bed & Breakfast","description":"Boutique &amp; Suites, Francavilla al Mare","publisher":{"@id":"https:\/\/lisetta-gardens-boutique.com\/de\/#organization"},"potentialAction":[{"@type":"SearchAction","target":{"@type":"EntryPoint","urlTemplate":"https:\/\/lisetta-gardens-boutique.com\/de\/?s={search_term_string}"},"query-input":{"@type":"PropertyValueSpecification","valueRequired":true,"valueName":"search_term_string"}}],"inLanguage":"de"},{"@type":"Organization","@id":"https:\/\/lisetta-gardens-boutique.com\/de\/#organization","name":"Marina Gardens","url":"https:\/\/lisetta-gardens-boutique.com\/de\/","logo":{"@type":"ImageObject","inLanguage":"de","@id":"https:\/\/lisetta-gardens-boutique.com\/de\/#\/schema\/logo\/image\/","url":"","contentUrl":"","caption":"Marina Gardens"},"image":{"@id":"https:\/\/lisetta-gardens-boutique.com\/de\/#\/schema\/logo\/image\/"},"sameAs":["https:\/\/www.instagram.com\/marinagardens_boutique\/"]}]}},"_links":{"self":[{"href":"https:\/\/lisetta-gardens-boutique.com\/de\/wp-json\/wp\/v2\/pages\/9209"}],"collection":[{"href":"https:\/\/lisetta-gardens-boutique.com\/de\/wp-json\/wp\/v2\/pages"}],"about":[{"href":"https:\/\/lisetta-gardens-boutique.com\/de\/wp-json\/wp\/v2\/types\/page"}],"author":[{"embeddable":true,"href":"https:\/\/lisetta-gardens-boutique.com\/de\/wp-json\/wp\/v2\/users\/12"}],"replies":[{"embeddable":true,"href":"https:\/\/lisetta-gardens-boutique.com\/de\/wp-json\/wp\/v2\/comments?post=9209"}],"version-history":[{"count":3,"href":"https:\/\/lisetta-gardens-boutique.com\/de\/wp-json\/wp\/v2\/pages\/9209\/revisions"}],"predecessor-version":[{"id":9268,"href":"https:\/\/lisetta-gardens-boutique.com\/de\/wp-json\/wp\/v2\/pages\/9209\/revisions\/9268"}],"wp:attachment":[{"href":"https:\/\/lisetta-gardens-boutique.com\/de\/wp-json\/wp\/v2\/media?parent=9209"}],"curies":[{"name":"wp","href":"https:\/\/api.w.org\/{rel}","templated":true}]}}