{"id":8989,"date":"2022-07-07T10:59:30","date_gmt":"2022-07-07T08:59:30","guid":{"rendered":"http:\/\/www.lisetta-gardens-boutique.com\/zugang-residenz\/"},"modified":"2023-06-28T16:07:23","modified_gmt":"2023-06-28T14:07:23","slug":"zugang-residenz","status":"publish","type":"page","link":"https:\/\/lisetta-gardens-boutique.com\/de\/zugang-residenz\/","title":{"rendered":"Zugang Residenz"},"content":{"rendered":"<p><div class=\"fusion-bg-parallax\" data-bg-align=\"center center\" data-direction=\"down\" data-mute=\"false\" data-opacity=\"100\" data-velocity=\"-0.3\" data-mobile-enabled=\"false\" data-break_parents=\"0\" data-bg-image=\"https:\/\/lisetta-gardens-boutique.com\/wp-content\/uploads\/2023\/06\/DMF_9757-web.jpg\" data-bg-repeat=\"false\" ><\/div><div class=\"fusion-fullwidth fullwidth-box fusion-builder-row-1 fusion-flex-container has-pattern-background has-mask-background fusion-parallax-down nonhundred-percent-fullwidth non-hundred-percent-height-scrolling lazyload\" style=\"background-color: rgba(3,3,3,0);background-position: center center;background-repeat: no-repeat;border-width: 0px 0px 0px 0px;border-color:#eae9e9;border-style:solid;-webkit-background-size:cover;-moz-background-size:cover;-o-background-size:cover;background-size:cover;\" data-bg=\"https:\/\/lisetta-gardens-boutique.com\/wp-content\/uploads\/2023\/06\/DMF_9757-web.jpg\" ><div class=\"fusion-builder-row fusion-row fusion-flex-align-items-flex-start fusion-flex-align-content-center\" style=\"max-width:calc( 1100px + 0px );margin-left: calc(-0px \/ 2 );margin-right: calc(-0px \/ 2 );\"><div class=\"fusion-layout-column fusion_builder_column fusion-builder-column-0 fusion_builder_column_3_5 3_5 fusion-flex-column\"><div class=\"fusion-column-wrapper fusion-flex-justify-content-flex-start fusion-content-layout-column\" style=\"background-position:left top;background-repeat:no-repeat;-webkit-background-size:cover;-moz-background-size:cover;-o-background-size:cover;background-size:cover;background-color:rgba(3,3,3,0);padding: 0% 0% 4% 0%;\"><style type=\"text\/css\">@media only screen and (max-width:1200px) {.fusion-title.fusion-title-1{margin-top:4%!important; margin-right:0px!important;margin-bottom:31px!important;margin-left:0px!important;}}@media only screen and (max-width:640px) {.fusion-title.fusion-title-1{margin-top:0px!important; margin-right:0px!important;margin-bottom:20px!important; margin-left:0px!important;}}<\/style><div class=\"fusion-title title fusion-title-1 fusion-sep-none fusion-title-text fusion-title-size-one\" style=\"margin-top:4%;margin-right:0px;margin-bottom:31px;margin-left:0px;\"><h1 class=\"title-heading-left fusion-responsive-typography-calculated\" style=\"margin:0;color:#ffffff;--fontSize:60;line-height:1.2;\"><p class=\"p1\"><span class=\"s1\">ZUGANG ZUM WOHNHEIM<\/span><\/p><\/h1><\/div><\/div><style type=\"text\/css\">.fusion-body .fusion-builder-column-0{width:60% !important;margin-top : 0%;margin-bottom : 0px;}.fusion-builder-column-0 > .fusion-column-wrapper {padding-top : 0% !important;padding-right : 0% !important;margin-right : 0px;padding-bottom : 4% !important;padding-left : 0% !important;margin-left : 0px;}@media only screen and (max-width:1200px) {.fusion-body .fusion-builder-column-0{width:100% !important;order : 0;}.fusion-builder-column-0 > .fusion-column-wrapper {margin-right : 0px;margin-left : 0px;}}@media only screen and (max-width:640px) {.fusion-body .fusion-builder-column-0{width:100% !important;order : 0;}.fusion-builder-column-0 > .fusion-column-wrapper {margin-right : 0px;margin-left : 0px;}}<\/style><\/div><\/div><style type=\"text\/css\">.fusion-body .fusion-flex-container.fusion-builder-row-1{ padding-top : 24%;margin-top : 0px;padding-right : 0px;padding-bottom : 0%;margin-bottom : 0%;padding-left : 0px;}<\/style><\/div><div class=\"fusion-fullwidth fullwidth-box fusion-builder-row-2 fusion-flex-container nonhundred-percent-fullwidth non-hundred-percent-height-scrolling fusion-no-large-visibility\" style=\"background-color: rgba(255,255,255,0);background-position: center center;background-repeat: no-repeat;border-width: 0px 0px 0px 0px;border-color:#eae9e9;border-style:solid;\" ><div class=\"fusion-builder-row fusion-row fusion-flex-align-items-flex-start\" style=\"max-width:1144px;margin-left: calc(-4% \/ 2 );margin-right: calc(-4% \/ 2 );\"><div class=\"fusion-layout-column fusion_builder_column fusion-builder-column-1 fusion_builder_column_1_1 1_1 fusion-flex-column\"><div class=\"fusion-column-wrapper fusion-flex-justify-content-flex-start fusion-content-layout-column\" style=\"background-position:left top;background-repeat:no-repeat;-webkit-background-size:cover;-moz-background-size:cover;-o-background-size:cover;background-size:cover;padding: 0px 0px 0px 0px;\"><\/div><style type=\"text\/css\">.fusion-body .fusion-builder-column-1{width:100% !important;margin-top : 0px;margin-bottom : 4%;}.fusion-builder-column-1 > .fusion-column-wrapper {padding-top : 0px !important;padding-right : 0px !important;margin-right : 1.92%;padding-bottom : 0px !important;padding-left : 0px !important;margin-left : 1.92%;}@media only screen and (max-width:1200px) {.fusion-body .fusion-builder-column-1{width:100% !important;order : 0;}.fusion-builder-column-1 > .fusion-column-wrapper {margin-right : 1.92%;margin-left : 1.92%;}}@media only screen and (max-width:640px) {.fusion-body .fusion-builder-column-1{width:100% !important;order : 0;}.fusion-builder-column-1 > .fusion-column-wrapper {margin-right : 1.92%;margin-left : 1.92%;}}<\/style><\/div><\/div><style type=\"text\/css\">.fusion-body .fusion-flex-container.fusion-builder-row-2{ padding-top : 0px;margin-top : 0px;padding-right : 0px;padding-bottom : 0px;margin-bottom : 0px;padding-left : 0px;}<\/style><\/div><div class=\"fusion-fullwidth fullwidth-box fusion-builder-row-3 fusion-flex-container nonhundred-percent-fullwidth non-hundred-percent-height-scrolling\" style=\"background-color: rgba(255,255,255,0);background-position: center center;background-repeat: no-repeat;border-width: 0px 0px 0px 0px;border-color:#eae9e9;border-style:solid;\" ><div class=\"fusion-builder-row fusion-row fusion-flex-align-items-center fusion-flex-justify-content-center\" style=\"max-width:1144px;margin-left: calc(-4% \/ 2 );margin-right: calc(-4% \/ 2 );\"><div class=\"fusion-layout-column fusion_builder_column fusion-builder-column-2 fusion_builder_column_1_1 1_1 fusion-flex-column\"><div class=\"fusion-column-wrapper fusion-flex-justify-content-flex-start fusion-content-layout-column\" style=\"background-position:left top;background-repeat:no-repeat;-webkit-background-size:cover;-moz-background-size:cover;-o-background-size:cover;background-size:cover;padding: 0% 0px 0px 0px;\"><style type=\"text\/css\">@media only screen and (max-width:1200px) {.fusion-title.fusion-title-2{margin-top:0px!important; margin-right:0px!important;margin-bottom:31px!important;margin-left:0px!important;}}@media only screen and (max-width:640px) {.fusion-title.fusion-title-2{margin-top:0px!important; margin-right:0px!important;margin-bottom:20px!important; margin-left:0px!important;}}<\/style><div class=\"fusion-title title fusion-title-2 fusion-sep-none fusion-title-center fusion-title-text fusion-title-size-two\" style=\"margin-top:0px;margin-right:0px;margin-bottom:31px;margin-left:0px;\"><h2 class=\"title-heading-center fusion-responsive-typography-calculated\" style=\"margin:0;--fontSize:55;line-height:1.2;\"><strong><em>Smart Check-in System<\/em>, f\u00fcr ein modernes und sicheres digitales Erlebnis<\/strong><\/h2><\/div><div class=\"fusion-text fusion-text-1\" style=\"text-align:center;text-transform:none;\"><div data-canvas-width=\"353.0559999999998\">Non perdete altro tempo in laboriosi <em>check-in<\/em> e <em>check-out<\/em> con il nostro sistema digitale sicuro. Wir bieten Ihnen ein <em>touchless<\/em> und <em>keyless<\/em> Erlebnis, das es Ihnen erm\u00f6glicht, Autonomie zu gewinnen und Ihren Aufenthalt sicher zu genie\u00dfen.<\/div>\n<\/div><\/div><style type=\"text\/css\">.fusion-body .fusion-builder-column-2{width:100% !important;margin-top : 0%;margin-bottom : 4%;}.fusion-builder-column-2 > .fusion-column-wrapper {padding-top : 0% !important;padding-right : 0px !important;margin-right : 1.92%;padding-bottom : 0px !important;padding-left : 0px !important;margin-left : 1.92%;}@media only screen and (max-width:1200px) {.fusion-body .fusion-builder-column-2{width:100% !important;order : 0;}.fusion-builder-column-2 > .fusion-column-wrapper {margin-right : 1.92%;margin-left : 1.92%;}}@media only screen and (max-width:640px) {.fusion-body .fusion-builder-column-2{width:100% !important;order : 0;}.fusion-builder-column-2 > .fusion-column-wrapper {margin-right : 1.92%;margin-left : 1.92%;}}<\/style><\/div><div class=\"fusion-layout-column fusion_builder_column fusion-builder-column-3 fusion_builder_column_1_1 1_1 fusion-flex-column\"><div class=\"fusion-column-wrapper fusion-flex-justify-content-flex-start fusion-content-layout-column\" style=\"background-position:left top;background-repeat:no-repeat;-webkit-background-size:cover;-moz-background-size:cover;-o-background-size:cover;background-size:cover;padding: 0px 0px 0px 0px;\"><div class=\"fusion-video fusion-youtube\" style=\"max-width:1920px;max-height:1080px;align-self:center; width:100%;\"><div class=\"video-shortcode\"><div class=\"fluid-width-video-wrapper\" style=\"padding-top:56.25%;\" ><iframe title=\"YouTube video player 1\" src=\"https:\/\/www.youtube.com\/embed\/MOlg53tY6z8?wmode=transparent&autoplay=0\" width=\"1920\" height=\"1080\" allowfullscreen allow=\"autoplay; fullscreen\"><\/iframe><\/div><\/div><\/div><div class=\"fusion-text fusion-text-2\" style=\"text-align:left;text-transform:none;margin-top:70px;\"><p style=\"text-align: left;\"><strong>Willkommen im Lisetta Gardens Boutique &amp; Suites Hotel.<\/strong><\/p>\n<p style=\"text-align: left;\">Im Folgenden finden Sie Informationen zum Zugang zur Anlage und zu Ihrer Suite :<\/p>\n<ul style=\"text-align: left;\">\n<li>Nach der Buchung erhalten Sie zwei E-Mails und eine SMS.<\/li>\n<li>Die erste E-Mail enth\u00e4lt alle Informationen zum Check-in.<\/li>\n<li>Die zweite E-Mail und SMS enthalten den digitalen Schl\u00fcssel (Pincode) f\u00fcr den Zugang zum Wohnheim und Ihrer Suite.<\/li>\n<\/ul>\n<p style=\"text-align: left;\">Zugang zum Wohnheim :<\/p>\n<ul style=\"text-align: left;\">\n<li>Durch Eingabe des PIN-Codes \u00fcber die Tastatur am Eingang.<\/li>\n<li>Entweder \u00fcber eine auf dem Telefon nutzbare Anwendung (die Informationen werden in der E-Mail bereitgestellt).<\/li>\n<\/ul>\n<p style=\"text-align: left;\">Zugang zu den Zimmern:<\/p>\n<ul>\n<li style=\"text-align: left;\">Geben Sie den Pin-Code auf dem Multifunktionstablett ein (den ersten oben), wodurch die Tastatur entsperrt wird.<\/li>\n<li style=\"text-align: left;\">ODER Geben Sie den Pin-Code auf der Tastatur (unter dem Tablet) ein.<\/li>\n<li style=\"text-align: left;\">Warten Sie, bis die T\u00fcr entsperrt wird<\/li>\n<\/ul>\n<\/div><\/div><style type=\"text\/css\">.fusion-body .fusion-builder-column-3{width:100% !important;margin-top : 0px;margin-bottom : 4%;}.fusion-builder-column-3 > .fusion-column-wrapper {padding-top : 0px !important;padding-right : 0px !important;margin-right : 1.92%;padding-bottom : 0px !important;padding-left : 0px !important;margin-left : 1.92%;}@media only screen and (max-width:1200px) {.fusion-body .fusion-builder-column-3{width:100% !important;order : 0;}.fusion-builder-column-3 > .fusion-column-wrapper {margin-right : 1.92%;margin-left : 1.92%;}}@media only screen and (max-width:640px) {.fusion-body .fusion-builder-column-3{width:100% !important;order : 0;}.fusion-builder-column-3 > .fusion-column-wrapper {margin-right : 1.92%;margin-left : 1.92%;}}<\/style><\/div><\/div><style type=\"text\/css\">.fusion-body .fusion-flex-container.fusion-builder-row-3{ padding-top : 0px;margin-top : 0px;padding-right : 0px;padding-bottom : 0px;margin-bottom : 0px;padding-left : 0px;}<\/style><\/div><div id=\"map\"><div class=\"fusion-fullwidth fullwidth-box fusion-builder-row-4 fusion-flex-container nonhundred-percent-fullwidth non-hundred-percent-height-scrolling\" style=\"background-color: rgba(255,255,255,0);background-position: center center;background-repeat: no-repeat;border-width: 0px 0px 0px 0px;border-color:#eae9e9;border-style:solid;\" ><div class=\"fusion-builder-row fusion-row fusion-flex-align-items-flex-start\" style=\"max-width:1144px;margin-left: calc(-4% \/ 2 );margin-right: calc(-4% \/ 2 );\"><div class=\"fusion-layout-column fusion_builder_column fusion-builder-column-4 fusion_builder_column_1_1 1_1 fusion-flex-column fusion-flex-align-self-center\"><div class=\"fusion-column-wrapper fusion-flex-justify-content-center fusion-content-layout-column\" style=\"background-position:left top;background-repeat:no-repeat;-webkit-background-size:cover;-moz-background-size:cover;-o-background-size:cover;background-size:cover;padding: 0px 0px 0px 0px;\"><div class=\"shortcode-map fusion-google-map fusion-maps-embed-type\"><iframe width=\"100%\" height=\"300px\" frameborder=\"0\" style=\"border:0\" src=\"https:\/\/www.google.com\/maps\/embed\/v1\/place?key=AIzaSyC6up8UiDlV3-QmvuFpG8kBh64J1H7UifQ&language=de&q=Via+Difesa+1960,+72014+Cisternino&maptype=roadmap&zoom=14\" allowfullscreen><\/iframe><\/div><div class=\"fusion-separator fusion-full-width-sep\" style=\"align-self: center;margin-left: auto;margin-right: auto;margin-top:4%;width:100%;\"><\/div><\/div><style type=\"text\/css\">.fusion-body .fusion-builder-column-4{width:100% !important;margin-top : 0px;margin-bottom : 4%;}.fusion-builder-column-4 > .fusion-column-wrapper {padding-top : 0px !important;padding-right : 0px !important;margin-right : 1.92%;padding-bottom : 0px !important;padding-left : 0px !important;margin-left : 1.92%;}@media only screen and (max-width:1200px) {.fusion-body .fusion-builder-column-4{width:100% !important;order : 0;}.fusion-builder-column-4 > .fusion-column-wrapper {margin-right : 1.92%;margin-left : 1.92%;}}@media only screen and (max-width:640px) {.fusion-body .fusion-builder-column-4{width:100% !important;order : 0;}.fusion-builder-column-4 > .fusion-column-wrapper {margin-right : 1.92%;margin-left : 1.92%;}}<\/style><\/div><\/div><style type=\"text\/css\">.fusion-body .fusion-flex-container.fusion-builder-row-4{ padding-top : 0px;margin-top : 0px;padding-right : 0px;padding-bottom : 0px;margin-bottom : 0px;padding-left : 0px;}<\/style><\/div><\/div><div class=\"fusion-fullwidth fullwidth-box fusion-builder-row-5 fusion-flex-container nonhundred-percent-fullwidth non-hundred-percent-height-scrolling fusion-no-large-visibility\" style=\"background-color: rgba(255,255,255,0);background-position: center center;background-repeat: no-repeat;border-width: 0px 0px 0px 0px;border-color:#eae9e9;border-style:solid;\" ><div class=\"fusion-builder-row fusion-row fusion-flex-align-items-flex-start\" style=\"max-width:1144px;margin-left: calc(-4% \/ 2 );margin-right: calc(-4% \/ 2 );\"><div class=\"fusion-layout-column fusion_builder_column fusion-builder-column-5 fusion_builder_column_1_1 1_1 fusion-flex-column\"><div class=\"fusion-column-wrapper fusion-flex-justify-content-flex-start fusion-content-layout-column\" style=\"background-position:left top;background-repeat:no-repeat;-webkit-background-size:cover;-moz-background-size:cover;-o-background-size:cover;background-size:cover;padding: 0px 0px 0px 0px;\"><\/div><style type=\"text\/css\">.fusion-body .fusion-builder-column-5{width:100% !important;margin-top : 0px;margin-bottom : 4%;}.fusion-builder-column-5 > .fusion-column-wrapper {padding-top : 0px !important;padding-right : 0px !important;margin-right : 1.92%;padding-bottom : 0px !important;padding-left : 0px !important;margin-left : 1.92%;}@media only screen and (max-width:1200px) {.fusion-body .fusion-builder-column-5{width:100% !important;order : 0;}.fusion-builder-column-5 > .fusion-column-wrapper {margin-right : 1.92%;margin-left : 1.92%;}}@media only screen and (max-width:640px) {.fusion-body .fusion-builder-column-5{width:100% !important;order : 0;}.fusion-builder-column-5 > .fusion-column-wrapper {margin-right : 1.92%;margin-left : 1.92%;}}<\/style><\/div><\/div><style type=\"text\/css\">.fusion-body .fusion-flex-container.fusion-builder-row-5{ padding-top : 0px;margin-top : 0px;padding-right : 0px;padding-bottom : 0px;margin-bottom : 0px;padding-left : 0px;}<\/style><\/div><\/p>\n","protected":false},"excerpt":{"rendered":"","protected":false},"author":12,"featured_media":0,"parent":0,"menu_order":0,"comment_status":"closed","ping_status":"closed","template":"100-width.php","meta":{"footnotes":""},"yoast_head":"<!-- This site is optimized with the Yoast SEO plugin v23.5 - https:\/\/yoast.com\/wordpress\/plugins\/seo\/ -->\n<title>Lisetta Gardens | Zeitgen\u00f6ssische Suiten in Cisternino<\/title>\n<meta name=\"description\" content=\"Tauchen Sie ein in eine Oase der k\u00fcnstlerischen Inspiration in den Abruzzen, einem Ort, der zwischen Meer und Bergen, H\u00fcgeln und Weinbergen, Kunst und Geschichte liegt.\" \/>\n<meta name=\"robots\" content=\"index, follow, max-snippet:-1, max-image-preview:large, max-video-preview:-1\" \/>\n<link rel=\"canonical\" href=\"https:\/\/lisetta-gardens-boutique.com\/de\/zugang-residenz\/\" \/>\n<meta property=\"og:locale\" content=\"de_DE\" \/>\n<meta property=\"og:type\" content=\"article\" \/>\n<meta property=\"og:title\" content=\"Lisetta Gardens | Zeitgen\u00f6ssische Suiten in Cisternino\" \/>\n<meta property=\"og:description\" content=\"Tauchen Sie ein in eine Oase der k\u00fcnstlerischen Inspiration in den Abruzzen, einem Ort, der zwischen Meer und Bergen, H\u00fcgeln und Weinbergen, Kunst und Geschichte liegt.\" \/>\n<meta property=\"og:url\" content=\"https:\/\/lisetta-gardens-boutique.com\/de\/zugang-residenz\/\" \/>\n<meta property=\"og:site_name\" content=\"Lisetta Gardens\" \/>\n<meta property=\"article:modified_time\" content=\"2023-06-28T14:07:23+00:00\" \/>\n<meta name=\"twitter:card\" content=\"summary_large_image\" \/>\n<meta name=\"twitter:label1\" content=\"Gesch\u00e4tzte Lesezeit\" \/>\n\t<meta name=\"twitter:data1\" content=\"13\u00a0Minuten\" \/>\n<script type=\"application\/ld+json\" class=\"yoast-schema-graph\">{\"@context\":\"https:\/\/schema.org\",\"@graph\":[{\"@type\":\"WebPage\",\"@id\":\"https:\/\/lisetta-gardens-boutique.com\/de\/zugang-residenz\/\",\"url\":\"https:\/\/lisetta-gardens-boutique.com\/de\/zugang-residenz\/\",\"name\":\"Lisetta Gardens | Zeitgen\u00f6ssische Suiten in Cisternino\",\"isPartOf\":{\"@id\":\"https:\/\/lisetta-gardens-boutique.com\/de\/#website\"},\"datePublished\":\"2022-07-07T08:59:30+00:00\",\"dateModified\":\"2023-06-28T14:07:23+00:00\",\"description\":\"Tauchen Sie ein in eine Oase der k\u00fcnstlerischen Inspiration in den Abruzzen, einem Ort, der zwischen Meer und Bergen, H\u00fcgeln und Weinbergen, Kunst und Geschichte liegt.\",\"breadcrumb\":{\"@id\":\"https:\/\/lisetta-gardens-boutique.com\/de\/zugang-residenz\/#breadcrumb\"},\"inLanguage\":\"de\",\"potentialAction\":[{\"@type\":\"ReadAction\",\"target\":[\"https:\/\/lisetta-gardens-boutique.com\/de\/zugang-residenz\/\"]}]},{\"@type\":\"BreadcrumbList\",\"@id\":\"https:\/\/lisetta-gardens-boutique.com\/de\/zugang-residenz\/#breadcrumb\",\"itemListElement\":[{\"@type\":\"ListItem\",\"position\":1,\"name\":\"Home\",\"item\":\"https:\/\/lisetta-gardens-boutique.com\/de\/\"},{\"@type\":\"ListItem\",\"position\":2,\"name\":\"Zugang Residenz\"}]},{\"@type\":\"WebSite\",\"@id\":\"https:\/\/lisetta-gardens-boutique.com\/de\/#website\",\"url\":\"https:\/\/lisetta-gardens-boutique.com\/de\/\",\"name\":\"Lisetta Gardens Boutique & Suites - Bed & Breakfast\",\"description\":\"Boutique &amp; Suites, Francavilla al Mare\",\"publisher\":{\"@id\":\"https:\/\/lisetta-gardens-boutique.com\/de\/#organization\"},\"potentialAction\":[{\"@type\":\"SearchAction\",\"target\":{\"@type\":\"EntryPoint\",\"urlTemplate\":\"https:\/\/lisetta-gardens-boutique.com\/de\/?s={search_term_string}\"},\"query-input\":{\"@type\":\"PropertyValueSpecification\",\"valueRequired\":true,\"valueName\":\"search_term_string\"}}],\"inLanguage\":\"de\"},{\"@type\":\"Organization\",\"@id\":\"https:\/\/lisetta-gardens-boutique.com\/de\/#organization\",\"name\":\"Marina Gardens\",\"url\":\"https:\/\/lisetta-gardens-boutique.com\/de\/\",\"logo\":{\"@type\":\"ImageObject\",\"inLanguage\":\"de\",\"@id\":\"https:\/\/lisetta-gardens-boutique.com\/de\/#\/schema\/logo\/image\/\",\"url\":\"\",\"contentUrl\":\"\",\"caption\":\"Marina Gardens\"},\"image\":{\"@id\":\"https:\/\/lisetta-gardens-boutique.com\/de\/#\/schema\/logo\/image\/\"},\"sameAs\":[\"https:\/\/www.instagram.com\/marinagardens_boutique\/\"]}]}<\/script>\n<!-- \/ Yoast SEO plugin. -->","yoast_head_json":{"title":"Lisetta Gardens | Zeitgen\u00f6ssische Suiten in Cisternino","description":"Tauchen Sie ein in eine Oase der k\u00fcnstlerischen Inspiration in den Abruzzen, einem Ort, der zwischen Meer und Bergen, H\u00fcgeln und Weinbergen, Kunst und Geschichte liegt.","robots":{"index":"index","follow":"follow","max-snippet":"max-snippet:-1","max-image-preview":"max-image-preview:large","max-video-preview":"max-video-preview:-1"},"canonical":"https:\/\/lisetta-gardens-boutique.com\/de\/zugang-residenz\/","og_locale":"de_DE","og_type":"article","og_title":"Lisetta Gardens | Zeitgen\u00f6ssische Suiten in Cisternino","og_description":"Tauchen Sie ein in eine Oase der k\u00fcnstlerischen Inspiration in den Abruzzen, einem Ort, der zwischen Meer und Bergen, H\u00fcgeln und Weinbergen, Kunst und Geschichte liegt.","og_url":"https:\/\/lisetta-gardens-boutique.com\/de\/zugang-residenz\/","og_site_name":"Lisetta Gardens","article_modified_time":"2023-06-28T14:07:23+00:00","twitter_card":"summary_large_image","twitter_misc":{"Gesch\u00e4tzte Lesezeit":"13\u00a0Minuten"},"schema":{"@context":"https:\/\/schema.org","@graph":[{"@type":"WebPage","@id":"https:\/\/lisetta-gardens-boutique.com\/de\/zugang-residenz\/","url":"https:\/\/lisetta-gardens-boutique.com\/de\/zugang-residenz\/","name":"Lisetta Gardens | Zeitgen\u00f6ssische Suiten in Cisternino","isPartOf":{"@id":"https:\/\/lisetta-gardens-boutique.com\/de\/#website"},"datePublished":"2022-07-07T08:59:30+00:00","dateModified":"2023-06-28T14:07:23+00:00","description":"Tauchen Sie ein in eine Oase der k\u00fcnstlerischen Inspiration in den Abruzzen, einem Ort, der zwischen Meer und Bergen, H\u00fcgeln und Weinbergen, Kunst und Geschichte liegt.","breadcrumb":{"@id":"https:\/\/lisetta-gardens-boutique.com\/de\/zugang-residenz\/#breadcrumb"},"inLanguage":"de","potentialAction":[{"@type":"ReadAction","target":["https:\/\/lisetta-gardens-boutique.com\/de\/zugang-residenz\/"]}]},{"@type":"BreadcrumbList","@id":"https:\/\/lisetta-gardens-boutique.com\/de\/zugang-residenz\/#breadcrumb","itemListElement":[{"@type":"ListItem","position":1,"name":"Home","item":"https:\/\/lisetta-gardens-boutique.com\/de\/"},{"@type":"ListItem","position":2,"name":"Zugang Residenz"}]},{"@type":"WebSite","@id":"https:\/\/lisetta-gardens-boutique.com\/de\/#website","url":"https:\/\/lisetta-gardens-boutique.com\/de\/","name":"Lisetta Gardens Boutique & Suites - Bed & Breakfast","description":"Boutique &amp; Suites, Francavilla al Mare","publisher":{"@id":"https:\/\/lisetta-gardens-boutique.com\/de\/#organization"},"potentialAction":[{"@type":"SearchAction","target":{"@type":"EntryPoint","urlTemplate":"https:\/\/lisetta-gardens-boutique.com\/de\/?s={search_term_string}"},"query-input":{"@type":"PropertyValueSpecification","valueRequired":true,"valueName":"search_term_string"}}],"inLanguage":"de"},{"@type":"Organization","@id":"https:\/\/lisetta-gardens-boutique.com\/de\/#organization","name":"Marina Gardens","url":"https:\/\/lisetta-gardens-boutique.com\/de\/","logo":{"@type":"ImageObject","inLanguage":"de","@id":"https:\/\/lisetta-gardens-boutique.com\/de\/#\/schema\/logo\/image\/","url":"","contentUrl":"","caption":"Marina Gardens"},"image":{"@id":"https:\/\/lisetta-gardens-boutique.com\/de\/#\/schema\/logo\/image\/"},"sameAs":["https:\/\/www.instagram.com\/marinagardens_boutique\/"]}]}},"_links":{"self":[{"href":"https:\/\/lisetta-gardens-boutique.com\/de\/wp-json\/wp\/v2\/pages\/8989"}],"collection":[{"href":"https:\/\/lisetta-gardens-boutique.com\/de\/wp-json\/wp\/v2\/pages"}],"about":[{"href":"https:\/\/lisetta-gardens-boutique.com\/de\/wp-json\/wp\/v2\/types\/page"}],"author":[{"embeddable":true,"href":"https:\/\/lisetta-gardens-boutique.com\/de\/wp-json\/wp\/v2\/users\/12"}],"replies":[{"embeddable":true,"href":"https:\/\/lisetta-gardens-boutique.com\/de\/wp-json\/wp\/v2\/comments?post=8989"}],"version-history":[{"count":3,"href":"https:\/\/lisetta-gardens-boutique.com\/de\/wp-json\/wp\/v2\/pages\/8989\/revisions"}],"predecessor-version":[{"id":9239,"href":"https:\/\/lisetta-gardens-boutique.com\/de\/wp-json\/wp\/v2\/pages\/8989\/revisions\/9239"}],"wp:attachment":[{"href":"https:\/\/lisetta-gardens-boutique.com\/de\/wp-json\/wp\/v2\/media?parent=8989"}],"curies":[{"name":"wp","href":"https:\/\/api.w.org\/{rel}","templated":true}]}}